{"id":918,"date":"2023-12-19T05:20:27","date_gmt":"2023-12-19T05:20:27","guid":{"rendered":"https:\/\/pinceladasmanicuraypedicura.com\/politica-de-privacidade\/"},"modified":"2024-10-17T09:16:51","modified_gmt":"2024-10-17T09:16:51","slug":"politica-de-privacidade","status":"publish","type":"page","link":"https:\/\/pinceladasmanicuraypedicura.com\/gl\/politica-de-privacidade\/","title":{"rendered":"Pol\u00edtica de privacidade"},"content":{"rendered":"\t\t<div data-elementor-type=\"wp-page\" data-elementor-id=\"918\" class=\"elementor elementor-918 elementor-158\" data-elementor-post-type=\"page\">\n\t\t\t\t\t\t<section class=\"elementor-section elementor-top-section elementor-element elementor-element-28a8e64 elementor-section-boxed elementor-section-height-default elementor-section-height-default\" data-id=\"28a8e64\" data-element_type=\"section\" data-e-type=\"section\">\n\t\t\t\t\t\t<div class=\"elementor-container elementor-column-gap-default\">\n\t\t\t\t\t<div class=\"elementor-column elementor-col-100 elementor-top-column elementor-element elementor-element-17af378\" data-id=\"17af378\" data-element_type=\"column\" data-e-type=\"column\">\n\t\t\t<div class=\"elementor-widget-wrap elementor-element-populated\">\n\t\t\t\t\t\t<div class=\"elementor-element elementor-element-4bcdf65 elementor-widget elementor-widget-text-editor\" data-id=\"4bcdf65\" data-element_type=\"widget\" data-e-type=\"widget\" data-widget_type=\"text-editor.default\">\n\t\t\t\t<div class=\"elementor-widget-container\">\n\t\t\t\t\t\t\t\t\t<p>En <strong>Pinceladas<\/strong> , compromet\u00e9monos a protexer e respectar a privacidade dos nosos clientes e usuarios. Esta Pol\u00edtica de privacidade describe como recompilamos, usamos e protexemos a s\u00faa informaci\u00f3n persoal cando visita o noso sitio web ou utiliza os nosos servizos. <\/p>\n<h4><strong>1. Informaci\u00f3n que recompilamos<\/strong><\/h4>\n<p>Podemos recoller e procesar os seguintes datos persoais:<\/p>\n<ul>\n<li><strong>Datos de contacto<\/strong> : Nome, enderezo de correo electr\u00f3nico, n\u00famero de tel\u00e9fono.<\/li>\n<li><strong>Informaci\u00f3n da cita<\/strong> : Datos necesarios para reservar citas e coordinar os nosos servizos.<\/li>\n<li><strong>Datos de navegaci\u00f3n<\/strong> : informaci\u00f3n sobre o uso do noso sitio web a trav\u00e9s de cookies e outras tecnolox\u00edas.<\/li>\n<\/ul>\n<h4><strong>2. Uso da Informaci\u00f3n<\/strong><\/h4>\n<p>A informaci\u00f3n recollida ser\u00e1 utilizada para:<\/p>\n<ul>\n<li><strong>Prestar os nosos servizos<\/strong> : xestionar citas e ofrecerlle o mellor servizo posible.<\/li>\n<li><strong>Mellorar o noso sitio web e servizos<\/strong> : analizar como se usa a nosa p\u00e1xina para mellorar a experiencia do usuario.<\/li>\n<li><strong>Comunicaci\u00f3ns<\/strong> : enviar confirmaci\u00f3ns, recordatorios e comunicaci\u00f3ns relacionadas cos servizos solicitados, as\u00ed como promoci\u00f3ns se o autorizou.<\/li>\n<\/ul>\n<h4><strong>3. Compartir informaci\u00f3n con terceiros<\/strong><\/h4>\n<p>En <strong>Pinceladas<\/strong> , non vendemos nin compartimos a s\u00faa informaci\u00f3n persoal con terceiros, ag\u00e1s nos seguintes casos:<\/p>\n<ul>\n<li>Para cumprir coas obrigas legais ou regulamentarias.<\/li>\n<li>Con provedores de servizos que nos axudan a operar o noso negocio (por exemplo, plataformas de reservas ou provedores de mercadotecnia).<\/li>\n<\/ul>\n<h4><strong>4. Seguridade da Informaci\u00f3n<\/strong><\/h4>\n<p>Compromet\u00e9monos a manter os seus datos seguros e a utilizar medidas t\u00e9cnicas e organizativas para protexer a s\u00faa informaci\u00f3n persoal do acceso non autorizado, da perda ou da destruci\u00f3n accidental.<\/p>\n<h4><strong>5. Os teus dereitos<\/strong><\/h4>\n<p>Como usuario, tes dereito a:<\/p>\n<ul>\n<li>Accede aos teus datos persoais.<\/li>\n<li>Solicitar a rectificaci\u00f3n de datos incorrectos.<\/li>\n<li>Solicita a eliminaci\u00f3n dos teus datos, cando sexa posible.<\/li>\n<li>Opo\u00f1erse ao tratamento dos seus datos persoais.<\/li>\n<li>Retirar o consentimento outorgado para o seu tratamento en calquera momento.<\/li>\n<\/ul>\n<p>Para exercer estes dereitos, pode po\u00f1erse en contacto connosco en[correo electr\u00f3nico de contacto] .<\/p>\n<h4><strong>6. Cambios na Pol\u00edtica de Privacidade<\/strong><\/h4>\n<p>Podemos actualizar esta Pol\u00edtica de privacidade de cando en vez. Notificar\u00e9mosche calquera cambio material nesta p\u00e1xina. <\/p>\n<h4><strong>7. Contacto<\/strong><\/h4>\n<p>Se tes algunha d\u00fabida ou d\u00fabida sobre esta Pol\u00edtica de privacidade ou sobre como tratamos a t\u00faa informaci\u00f3n persoal, non dubides en contactar connosco en:<\/p>\n<p><strong>Pinceladas<\/strong><br \/> <strong>Enderezo f\u00edsico: r\u00faa da Liberdade, 65, Baixo, Sarria, Lugo<\/strong><br \/> <strong>Tel\u00e9fono: +34 982 88 63 95<\/strong><br \/> <strong>Correo electr\u00f3nico: info@pinceladasmanicuraypedicura.com<br \/><\/strong><\/p>\n\t\t\t\t\t\t\t\t<\/div>\n\t\t\t\t<\/div>\n\t\t\t\t\t<\/div>\n\t\t<\/div>\n\t\t\t\t\t<\/div>\n\t\t<\/section>\n\t\t\t\t<\/div>\n\t\t","protected":false},"excerpt":{"rendered":"<p>En Pinceladas , compromet\u00e9monos a protexer e respectar a privacidade dos nosos clientes e usuarios. Esta Pol\u00edtica de privacidade describe como recompilamos, usamos e protexemos a s\u00faa informaci\u00f3n persoal cando visita o noso sitio web ou utiliza os nosos servizos. 1. Informaci\u00f3n que recompilamos Podemos recoller e procesar os seguintes datos persoais: Datos de contacto&#8230;<\/p>\n","protected":false},"author":1,"featured_media":0,"parent":0,"menu_order":0,"comment_status":"closed","ping_status":"closed","template":"","meta":{"_kad_post_transparent":"","_kad_post_title":"","_kad_post_layout":"","_kad_post_sidebar_id":"","_kad_post_content_style":"","_kad_post_vertical_padding":"","_kad_post_feature":"","_kad_post_feature_position":"","_kad_post_header":false,"_kad_post_footer":false,"footnotes":""},"class_list":["post-918","page","type-page","status-publish","hentry"],"_links":{"self":[{"href":"https:\/\/pinceladasmanicuraypedicura.com\/gl\/wp-json\/wp\/v2\/pages\/918","targetHints":{"allow":["GET"]}}],"collection":[{"href":"https:\/\/pinceladasmanicuraypedicura.com\/gl\/wp-json\/wp\/v2\/pages"}],"about":[{"href":"https:\/\/pinceladasmanicuraypedicura.com\/gl\/wp-json\/wp\/v2\/types\/page"}],"author":[{"embeddable":true,"href":"https:\/\/pinceladasmanicuraypedicura.com\/gl\/wp-json\/wp\/v2\/users\/1"}],"replies":[{"embeddable":true,"href":"https:\/\/pinceladasmanicuraypedicura.com\/gl\/wp-json\/wp\/v2\/comments?post=918"}],"version-history":[{"count":1,"href":"https:\/\/pinceladasmanicuraypedicura.com\/gl\/wp-json\/wp\/v2\/pages\/918\/revisions"}],"predecessor-version":[{"id":920,"href":"https:\/\/pinceladasmanicuraypedicura.com\/gl\/wp-json\/wp\/v2\/pages\/918\/revisions\/920"}],"wp:attachment":[{"href":"https:\/\/pinceladasmanicuraypedicura.com\/gl\/wp-json\/wp\/v2\/media?parent=918"}],"curies":[{"name":"wp","href":"https:\/\/api.w.org\/{rel}","templated":true}]}}